{"id":1900,"date":"2024-03-08T12:21:13","date_gmt":"2024-03-08T10:21:13","guid":{"rendered":"https:\/\/www.artiocat.cat\/politica-de-privacidad\/"},"modified":"2024-05-15T12:31:15","modified_gmt":"2024-05-15T10:31:15","slug":"politica-de-privacidad","status":"publish","type":"page","link":"https:\/\/www.artiocat.cat\/es\/politica-de-privacidad\/","title":{"rendered":"Pol\u00edtica de privacidad"},"content":{"rendered":"<div class=\"fusion-fullwidth fullwidth-box fusion-builder-row-1 fusion-flex-container has-pattern-background has-mask-background nonhundred-percent-fullwidth non-hundred-percent-height-scrolling\" style=\"--awb-border-radius-top-left:0px;--awb-border-radius-top-right:0px;--awb-border-radius-bottom-right:0px;--awb-border-radius-bottom-left:0px;--awb-margin-top:100px;--awb-margin-bottom:100px;--awb-flex-wrap:wrap;\" ><div class=\"fusion-builder-row fusion-row fusion-flex-align-items-flex-start fusion-flex-content-wrap\" style=\"max-width:1248px;margin-left: calc(-4% \/ 2 );margin-right: calc(-4% \/ 2 );\"><div class=\"fusion-layout-column fusion_builder_column fusion-builder-column-0 fusion_builder_column_1_1 1_1 fusion-flex-column\" style=\"--awb-bg-size:cover;--awb-width-large:100%;--awb-margin-top-large:0px;--awb-spacing-right-large:1.92%;--awb-margin-bottom-large:0px;--awb-spacing-left-large:1.92%;--awb-width-medium:100%;--awb-spacing-right-medium:1.92%;--awb-spacing-left-medium:1.92%;--awb-width-small:100%;--awb-spacing-right-small:1.92%;--awb-spacing-left-small:1.92%;\"><div class=\"fusion-column-wrapper fusion-flex-justify-content-flex-start fusion-content-layout-column\"><div class=\"fusion-text fusion-text-1\"><h2><strong>Pol\u00edtica de privacidad y protecci\u00f3n de datos:<\/strong><\/h2>\n<p>Mediante esta Pol\u00edtica de Privacidad y Protecci\u00f3n de Datos (la \u201cPol\u00edtica de Privacidad\u201d), ARTIOCADO FORESTAL informa sobre el tratamiento de datos de car\u00e1cter personal recogidos de los usuarios, de conformidad con lo establecido en el Reglamento (UE) 2016\/679, de 27 de abril, relativo a la protecci\u00f3n de las personas f\u00edsicas en lo que se refiere al tratamiento de datos personales ya la libre circulaci\u00f3n de datos y dem\u00e1s normativa aplicable.<\/p>\n<p>La Pol\u00edtica de Privacidad incluye la informaci\u00f3n necesaria para que los Usuarios, previamente y de forma libre, puedan decidir si se desea facilitar los datos personales que les puedan ser requeridos con motivo de la suscripci\u00f3n de los servicios y prestaciones que ofrece ARTIOCAT FORESTAL a trav\u00e9s del sitio web http:\/\/www.artiocat.cat (el \u201cSitio Web\u201d), y puedan decidir si quieren prestar su consentimiento para el tratamiento de sus datos de car\u00e1cter personal.<\/p>\n<h4><strong>Responsable del tratamiento<\/strong><\/h4>\n<p>El responsable de los tratamientos de los datos referentes a los diferentes procesos para la gesti\u00f3n de usuarios, clientes, clientes potenciales, colaboradores o cualquier otra persona que solicite informaci\u00f3n o facilite sus datos, es ARTIOCAT FORESTAL, los datos de la cual constan a continuaci\u00f3n:<\/p>\n<p>TITULAR: ARTIOCADO FORESTAL<br \/>\nDIRECCI\u00d3N: Pol\u00edgono Industrial Can Boixadera, Local F superior. Ctra. BV-5150, km 3; 08440 Cardedeu (Barcelona)<br \/>\nCONTACTO: info@artiocat.cat o tel\u00e9fono: 608 25 20 43<\/p>\n<h4><strong>Categor\u00edas de datos obtenidas<\/strong><\/h4>\n<p>Para la prestaci\u00f3n correcta de los Servicios por parte de ARTIOCAT FORESTAL o para permitir el acceso y la navegaci\u00f3n en el Sitio Web, se podr\u00e1n requerir, seg\u00fan el caso, las siguientes categor\u00edas de datos: datos de identificaci\u00f3n, direcciones postales o electr\u00f3nicas, datos econ\u00f3micos y transacciones, datos profesionales, informaci\u00f3n comercial y circunstancias personales.<\/p>\n<p>En ning\u00fan caso tratamos datos especialmente protegidos. Todos los datos antes mencionados los hemos obtenido o directamente de ti mediante la presentaci\u00f3n de una oferta comercial, propuesta contractual, solicitud de informaci\u00f3n etc. o de tu empresa al facilitarnos los datos de identificaci\u00f3n y dem\u00e1s informaci\u00f3n necesaria para llevar a cabo el objeto de la relaci\u00f3n contractual o informativa con ARTIOCAT FORESTAL. Ser\u00e1 tu obligaci\u00f3n o empresa facilitarnos los datos actualizados en caso de modificaci\u00f3n. En cuanto a los datos de candidatos a empleo, hemos obtenido sus datos mediante la presentaci\u00f3n de un CV por su parte o la obtenci\u00f3n de su candidatura mediante los servicios de un portal de empleo. En este \u00faltimo caso, nos has autorizado esta cesi\u00f3n de tus datos a nuestra empresa al enviarnos tus datos curriculares.<\/p>\n<h4><strong>Finalidad de tratamiento<\/strong><\/h4>\n<p>En ARTIOCAT FORESTAL el tratamiento de los datos tiene como finalidad gestionar diferentes actividades derivadas de la propia prestaci\u00f3n del servicio, as\u00ed como para realizar algunas acciones como la realizaci\u00f3n y desarrollo de los servicios contratados por el Usuario, acciones comerciales y env\u00edos publicitarios , gesti\u00f3n administrativa, facturaci\u00f3n, contabilidad y obligaciones legales, gesti\u00f3n de los usuarios de servicios de la sociedad de la informaci\u00f3n e instalaci\u00f3n de cookies o atender consultas y remitir informaci\u00f3n relacionada con el inter\u00e9s del usuario.<\/p>\n<p>En caso de que el Usuario est\u00e9 obligado a facilitar los datos personales para poder ejecutar un contrato o hacer efectivo un servicio, as\u00ed como cumplir las obligaciones legales o derivadas de las Administraciones P\u00fablicas, ARTIOCAT FORESTAL lo pondr\u00e1 en conocimiento de aqu\u00e9l.<\/p>\n<p>ARTIOCADO FORESTAL no crear\u00e1 perfiles comerciales sobre la base de la informaci\u00f3n ni se tomar\u00e1n decisiones automatizadas sobre el perfil comercial del Usuario.<\/p>\n<h4><strong>Legitimaci\u00f3n para el tratamiento<\/strong><\/h4>\n<p>Las bases de legitimaci\u00f3n ser\u00e1n la correcta ejecuci\u00f3n del contrato y la prestaci\u00f3n del servicio, el consentimiento del interesado o el inter\u00e9s leg\u00edtimo de ARTIOCAT FORESTAL, seg\u00fan el caso.<\/p>\n<h4><strong>Destinatarios de los datos<\/strong><\/h4>\n<p>Adem\u00e1s de ser ARTIOCADO FORESTAL el destinatario, puede proporcionar los datos recabados del Usuario a terceras personas, lo que se llevar\u00e1 en todo caso en cumplimiento de la normativa de aplicaci\u00f3n y cumpliendo las obligaciones de informaci\u00f3n y obtenci\u00f3n del consentimiento de el Usuario cuando sea preceptivo. Ser\u00e1 obligaci\u00f3n de ARTIOCAT FORESTAL garantizar que los terceros receptores de los datos implementen los mismos niveles de seguridad que ARTIOCAT FORESTAL en relaci\u00f3n con los datos personales de los Usuarios y estar\u00e1 vinculados a compromisos legales y\/o contractuales cuando sea necesario para tratar los datos de forma privada y segura.<\/p>\n<p>Asimismo, ARTIOCADO FORESTAL puede transmitir los datos a organismos de la Administraci\u00f3n p\u00fablica y autoridades competentes en caso de que sea requerida de acuerdo con la legislaci\u00f3n vigente.<\/p>\n<h4><strong>Plazo de conservaci\u00f3n de los datos<\/strong><\/h4>\n<p>ARTIOCADO FORESTAL s\u00f3lo almacenar\u00e1 los datos en la medida en que sean necesarios para la finalidad para la que se hayan solicitado y seg\u00fan la base de legitimaci\u00f3n del tratamiento.<\/p>\n<p>Por tiempo \u201cnecesario\u201d puede significar que ARTIOCAT FORESTAL puede conservar los datos durante un per\u00edodo razonable incluso despu\u00e9s de haber abandonado el Usuario el Sitio Web o haber terminado la prestaci\u00f3n de los Servicios de ARTIOCAT FORESTAL.<\/p>\n<p>En cuanto a los datos personales recopilados mediante formularios de contacto y\/o recogida de informaci\u00f3n, se conservar\u00e1n hasta que el interesado solicite la supresi\u00f3n, salvo indicaci\u00f3n en contrario.<\/p>\n<p>Por otra parte, los datos proporcionados por empresas se mantendr\u00e1n tanto como dure la relaci\u00f3n mercantil o comercial, respetando los m\u00ednimos legales de conservaci\u00f3n dependiendo de la materia.<\/p>\n<p>Una vez cumplido todo esto, ARTIOCAT FORESTAL eliminar\u00e1 los datos de todos sus sistemas.<\/p>\n<h4><strong>Derechos del Usuario<\/strong><\/h4>\n<p>Cualquier persona tiene derecho a saber si ARTIOCADO FORESTAL est\u00e1 tratando o no los datos de car\u00e1cter personal.<\/p>\n<p>Las personas interesadas tienen derecho de acceso a sus datos personales, derecho a la rectificaci\u00f3n de datos inexactos o solicitar su supresi\u00f3n en caso de que los datos fueron solicitados para fines que ya se han cumplido.<\/p>\n<p>En ciertas circunstancias, pueden solicitar la limitaci\u00f3n del tratamiento de sus datos u oposici\u00f3n a utilizarlos. En estos casos, ARTIOCADO FORESTAL deber\u00e1 dejar de tratar estos datos salvo motivos leg\u00edtimos imperiosos o ejercicio o defensa de posibles reclamaciones.<\/p>\n<p>El Usuario tiene adem\u00e1s derecho a retirar los consentimientos otorgados en todo momento, sin que ello suponga que el tratamiento basado en estos datos sea il\u00edcito.<\/p>\n<p>Para ejercer estos derechos, el Usuario puede dirigirse por escrito utilizando los datos de contacto del \u201cresponsable de tratamiento\u201d, presentando copia del DNI o mediante un correo electr\u00f3nico a la direcci\u00f3n del Delegado de Protecci\u00f3n de Datos (DPO): info@ artiocat.cat<\/p>\n<p>En caso de que no obtenga una respuesta satisfactoria por estos medios, podr\u00e1 dirigirse a la Agencia Espa\u00f1ola de Protecci\u00f3n de Datos (calle Jorge Juan n\u00famero 6, 28001, Madrid\/ www.agdp.es) a efectos de recabar informaci\u00f3n adicional o, en su caso, presentar interponer una reclamaci\u00f3n.<\/p>\n<h4><strong>Medidas de seguridad.<\/strong><\/h4>\n<p>ARTIOCADO FORESTAL tiene implantadas las medidas de seguridad de \u00edndole t\u00e9cnica y organizativa necesarias para garantizar la seguridad de los datos de car\u00e1cter personal y as\u00ed evitar su alteraci\u00f3n, p\u00e9rdida y tratamiento y\/o acceso no autorizado, teniendo en cuenta el estado de la tecnolog\u00eda, la naturaleza de los datos almacenados y los riesgos a los que est\u00e1n expuestos, ya provengan de acci\u00f3n humana o del medio f\u00edsico o natural.<\/p>\n<p>ARTIOCADO FORESTAL mantiene en todo momento la supervisi\u00f3n, control y evaluaci\u00f3n de los procesos para asegurar el respeto a la privacidad de los datos.<\/p>\n<p>ARTIOCADO FORESTAL utiliza el servicio de la tecnolog\u00eda Secure Socket Layer (SSL), el cual permite las comunicaciones y el comercio electr\u00f3nico seguros a sitios web, intranets y extranets. La recogida de datos de usuario y las operaciones de pago que se realicen a trav\u00e9s del sitio web se tramitan de forma segura. SSL garantiza la confidencialidad mediante la codificaci\u00f3n de la informaci\u00f3n recibida.<\/p>\n<p>Todos los datos proporcionados por los Usuarios est\u00e1n protegidos contra cualquier acceso sin autorizaci\u00f3n.<\/p>\n<h4><strong>Perfiles de usuario<\/strong><\/h4>\n<p>Todos los Usuarios que contraten los Servicios ofrecidos por ARTIOCAT FORESTAL a trav\u00e9s del Sitio Web, contar\u00e1n con un perfil de usuario en el que se recoger\u00e1n sus datos personales y detalles de facturaci\u00f3n, que facilitar\u00e1 las compras futuras.<\/p>\n<p>Cada Usuario registrado contar\u00e1 con un nombre de usuario y una contrase\u00f1a, siendo responsabilidad del propio Usuario su conservaci\u00f3n y tratamiento con car\u00e1cter confidencial, declar\u00e1ndose conocedor de la prohibici\u00f3n de compartir estos datos con terceros o permitir su uso.<\/p>\n<p>ARTIOCADO FORESTAL no aceptar\u00e1 reclamaci\u00f3n ni se hace responsable en caso de que alg\u00fan usuario que hubiera cedido, entregado, perdido o facilitado la contrase\u00f1a a terceras personas.<\/p>\n<p>El Usuario declara que los datos de car\u00e1cter personal que notifica a ARTIOCAT FORESTAL son veraces y correctos y que, ante cualquier modificaci\u00f3n, conoce que deber\u00e1 comunicar la modificaci\u00f3n a ARTIOCAT FORESTAL lo antes posible.<\/p>\n<p>Se utilizar\u00e1 la informaci\u00f3n personal para su identificaci\u00f3n como Usuario, para procesar los pedidos, y para enviar informaci\u00f3n relevante para el cliente sobre compras y pedidos, siempre que no haya manifestado la negativa a recibir este tipo de informaci\u00f3n.<\/p>\n<h4><strong>Modificaciones de la Pol\u00edtica de Privacidad<\/strong><\/h4>\n<p>ARTIOCADO FORESTAL se reserva el derecho de modificar la presente Pol\u00edtica de Privacidad, siendo la versi\u00f3n vigente aquella publicada en cada momento. ARTIOCADO FORESTAL podr\u00e1 modificar de forma unilateral y sin previo aviso la Pol\u00edtica de Privacidad, sin que se derive ning\u00fan derecho para el Usuario m\u00e1s all\u00e1 de los que expresamente se le reconozcan en los textos legales del Sitio Web.<\/p>\n<\/div><\/div><\/div><\/div><\/div>\n","protected":false},"excerpt":{"rendered":"","protected":false},"author":1,"featured_media":0,"parent":0,"menu_order":0,"comment_status":"closed","ping_status":"closed","template":"100-width.php","meta":{"footnotes":""},"class_list":["post-1900","page","type-page","status-publish","hentry"],"_links":{"self":[{"href":"https:\/\/www.artiocat.cat\/es\/wp-json\/wp\/v2\/pages\/1900","targetHints":{"allow":["GET"]}}],"collection":[{"href":"https:\/\/www.artiocat.cat\/es\/wp-json\/wp\/v2\/pages"}],"about":[{"href":"https:\/\/www.artiocat.cat\/es\/wp-json\/wp\/v2\/types\/page"}],"author":[{"embeddable":true,"href":"https:\/\/www.artiocat.cat\/es\/wp-json\/wp\/v2\/users\/1"}],"replies":[{"embeddable":true,"href":"https:\/\/www.artiocat.cat\/es\/wp-json\/wp\/v2\/comments?post=1900"}],"version-history":[{"count":1,"href":"https:\/\/www.artiocat.cat\/es\/wp-json\/wp\/v2\/pages\/1900\/revisions"}],"predecessor-version":[{"id":1905,"href":"https:\/\/www.artiocat.cat\/es\/wp-json\/wp\/v2\/pages\/1900\/revisions\/1905"}],"wp:attachment":[{"href":"https:\/\/www.artiocat.cat\/es\/wp-json\/wp\/v2\/media?parent=1900"}],"curies":[{"name":"wp","href":"https:\/\/api.w.org\/{rel}","templated":true}]}}