{"id":1907,"date":"2024-03-08T12:22:26","date_gmt":"2024-03-08T10:22:26","guid":{"rendered":"https:\/\/www.artiocat.cat\/politica-de-cookies\/"},"modified":"2024-05-15T12:31:15","modified_gmt":"2024-05-15T10:31:15","slug":"politica-de-cookies","status":"publish","type":"page","link":"https:\/\/www.artiocat.cat\/es\/politica-de-cookies\/","title":{"rendered":"Pol\u00edtica de cookies"},"content":{"rendered":"<div class=\"fusion-fullwidth fullwidth-box fusion-builder-row-1 fusion-flex-container has-pattern-background has-mask-background nonhundred-percent-fullwidth non-hundred-percent-height-scrolling\" style=\"--awb-border-radius-top-left:0px;--awb-border-radius-top-right:0px;--awb-border-radius-bottom-right:0px;--awb-border-radius-bottom-left:0px;--awb-margin-top:100px;--awb-margin-bottom:100px;--awb-flex-wrap:wrap;\" ><div class=\"fusion-builder-row fusion-row fusion-flex-align-items-flex-start fusion-flex-content-wrap\" style=\"max-width:1248px;margin-left: calc(-4% \/ 2 );margin-right: calc(-4% \/ 2 );\"><div class=\"fusion-layout-column fusion_builder_column fusion-builder-column-0 fusion_builder_column_1_1 1_1 fusion-flex-column\" style=\"--awb-bg-size:cover;--awb-width-large:100%;--awb-margin-top-large:0px;--awb-spacing-right-large:1.92%;--awb-margin-bottom-large:0px;--awb-spacing-left-large:1.92%;--awb-width-medium:100%;--awb-spacing-right-medium:1.92%;--awb-spacing-left-medium:1.92%;--awb-width-small:100%;--awb-spacing-right-small:1.92%;--awb-spacing-left-small:1.92%;\"><div class=\"fusion-column-wrapper fusion-flex-justify-content-flex-start fusion-content-layout-column\"><div class=\"fusion-text fusion-text-1\"><h2><strong>Pol\u00edtica de cookies:<\/strong><\/h2>\n<h3>COOKIES AFECTADAS POR LA NORMATIVA Y COOKIES EXENTAS<\/h3>\n<p>Seg\u00fan la directiva de la UE, las galletas que requieren el consentimiento informado por parte del usuario son las galletas de anal\u00edtica, las de publicidad y afiliaci\u00f3n, quedando exceptuadas las de car\u00e1cter t\u00e9cnico y las necesarias para el funcionamiento de la p\u00e1gina web o la prestaci\u00f3n de servicios expresamente demandados por el usuario.<\/p>\n<h3><strong>TIPO DE COOKIES<\/strong><\/h3>\n<ol>\n<li>a) Seg\u00fan la entidad que las gestione, existen Cookies propias (aquellas que se env\u00edan al equipo terminal del usuario desde un equipo o dominio gestionado por el propio editor y desde el que se presta el servicio Sol\u00b7 licitado por el usuario) y de terceros (( las que se env\u00edan al equipo terminal del usuario desde un equipo o dominio que no es gestionado por el editor, sino por otra entidad que trata los datos obtenidas mediante las galletas).<\/li>\n<li>b) Seg\u00fan el tiempo que permanecen activas, existen las de sesi\u00f3n (dise\u00f1adas para pedir y almacenar datos mientras el usuario accede a una p\u00e1gina web) y las persistentes (en las que los datos se almacenan en el terminal y pueden ser accedidos y tratados durante un per\u00edodo definido por el responsable de la galleta -puede ir de unos minutos a varios a\u00f1os-).<\/li>\n<li>c) Seg\u00fan la finalidad para la que tratan la informaci\u00f3n que recopilan, pueden ser:<\/li>\n<\/ol>\n<p>&#8211; Cookies t\u00e9cnicas (necesarias para el uso de la web y la prestaci\u00f3n de servicio contratado),<\/p>\n<p>\u2013 Cookies de personalizaci\u00f3n (que permiten al usuario acceder al servicio con caracter\u00edsticas predefinidas, tales como el idioma, tipos de navegador, configuraci\u00f3n regional, etc.)<\/p>\n<p>\u2013 Cookies de an\u00e1lisis (recogen informaci\u00f3n el uso que se realiza de la web),<\/p>\n<p>\u2013 Cookies publicitarias (recogen informaci\u00f3n sobre las preferencias y elecciones personales de los usuarios),<\/p>\n<p>\u2013 Cookies de afiliados (permiten realizar un seguimiento de las visitas procedentes de otras webs, con las que el sitio web establece un contrato de afiliaci\u00f3n).<\/p>\n<p><strong>Tipo de cookies utilizadas en este sitio web<\/strong><\/p>\n<table width=\"643\">\n<thead>\n<tr>\n<td width=\"123\"><strong>Nombre de la cookie<\/strong><\/td>\n<td width=\"512\"><strong>Descripci\u00f3n<\/strong><\/td>\n<\/tr>\n<\/thead>\n<tbody>\n<tr>\n<td width=\"123\">_ga<\/td>\n<td width=\"512\">Es una cookie de Google Analytics que utiliza un identificador an\u00f3nimo para distinguir a usuarios an\u00f3nimos. Esta cookie realiza an\u00e1lisis sobre las interacciones de los usuarios, con la finalidad de optimizar los servicios que se ofrecen. Tiene una duraci\u00f3n de dos a\u00f1os.<\/td>\n<\/tr>\n<tr>\n<td width=\"123\">_gato<\/td>\n<td width=\"512\">Es una cookie de Google Analytics que se utiliza para diferenciar entre los distintos objetos de seguimiento creados en la sesi\u00f3n. La cookie se actualiza cada vez que se env\u00eda los datos a Google Analytics.<\/td>\n<\/tr>\n<tr>\n<td width=\"123\">_gid<\/td>\n<td width=\"512\">Es una cookie de Google Analytics que se utiliza para distinguir a los usuarios. Tiene una duraci\u00f3n de 24 h.<\/td>\n<\/tr>\n<\/tbody>\n<\/table>\n<p>Mientras navega por nuestra web, pueden almacenarse en su navegador las cookies de nuestras redes sociales. A continuaci\u00f3n, le explicamos los enlaces sobre las cookies de las redes sociales que utilizamos en esta web:<\/p>\n<ul>\n<li>Cookies de Facebook, ver m\u00e1s informaci\u00f3n en su pol\u00edtica de cookies<\/li>\n<li>Cookies de Twitter, ver m\u00e1s informaci\u00f3n en su pol\u00edtica de cookies<\/li>\n<li>Cookies de Google+, ver m\u00e1s informaci\u00f3n en su pol\u00edtica de cookies<\/li>\n<li>Cookies de Linkedin, ver m\u00e1s informaci\u00f3n en su pol\u00edtica de cookies<\/li>\n<li>Cookies de Pinterest, ver m\u00e1s informaci\u00f3n en su pol\u00edtica de cookies<\/li>\n<li>Cookies de Youtube, ver m\u00e1s informaci\u00f3n en su pol\u00edtica de cookies<\/li>\n<\/ul>\n<h4><strong>REVOCACI\u00d3N<\/strong><\/h4>\n<p>En todo momento podr\u00e1 acceder a la configuraci\u00f3n de su navegador aceptando o rechazando todas las cookies, o bien seleccionar aquellas cuya instalaci\u00f3n admite y cu\u00e1les no, siguiendo uno de los siguientes procedimientos, que depende del navegador que utilice:<\/p>\n<p><strong>Google Chrome<\/strong> (en el Men\u00fa Herramientas):Configuraci\u00f3n&gt; Muestra opciones avanzadas&gt; Privacidad (Configuraci\u00f3n de contenido)&gt; Cookies:https:\/\/support.google.com\/chrome\/answer\/95647?co=GENIE.Platform%3DDesktop&amp;hl=es<\/p>\n<p><strong>Microsoft Internet Explorer<\/strong> (en el Men\u00fa Herramientas):Opciones de Internet&gt; Privacidad&gt; Avanzada: https:\/\/support.microsoft.com\/es-es\/help\/17442\/windowsinternet-explorer-delete-manage-cookies<\/p>\n<p><strong>Firefox<\/strong> Opciones&gt; Privacidad&gt; Cookies: https:\/\/support.mozilla.org\/es\/kb\/habilitar-y-deshabilitar-cookies-sitios-webrastrear-preferencias<\/p>\n<p><strong>Safari, iPad e iPhone:<\/strong> Preferencias&gt; Privacidad: https:\/\/support.apple.com\/kb\/ph21411?locale=es_ES<\/p>\n<p><strong>Opera:<\/strong> Configuraci\u00f3n&gt; Opciones&gt; Avanzado&gt; Cookies: http:\/\/help.opera.com\/Windows\/12.00\/es-ES\/cookies.html<\/p>\n<p>Estos navegadores est\u00e1n sometidos a actualizaciones o modificaciones, por lo que no podemos garantizar que se ajusten por completo a la versi\u00f3n de su navegador. Tambi\u00e9n puede que utilice otro navegador no contemplado en estos enlaces como Konqueror, Arora, Flock, etc. Para evitar estos desajustes, puede acceder directamente desde las opciones de su navegador, generalmente en el men\u00fa de \u201cOpciones\u201d en la secci\u00f3n de \u201cPrivacidad\u201d. (Por favor, consulte la ayuda de su navegador para m\u00e1s informaci\u00f3n).<\/p>\n<h4>DESACTIVACI\u00d3N\/ACTIVACI\u00d3N Y ELIMINACI\u00d3N DE COOKIES<\/h4>\n<p>Para restringir o bloquear las cookies, se realiza a trav\u00e9s de la configuraci\u00f3n de navegador.<\/p>\n<p>Si no desea que los sitios web pongan ninguna cookie en su equipo, puede adaptar la configuraci\u00f3n del navegador de forma que se le notifique antes de que se coloque ninguna cookie. Del mismo modo, puede adaptar la configuraci\u00f3n de forma que el navegador rechace todas las cookies, o \u00fanicamente las cookies de terceros. Tambi\u00e9n puede eliminar cualquiera de las galletas que ya se encuentren en el equipo. Recuerde que se deber\u00e1 adaptar por separado la configuraci\u00f3n de cada navegador y equipo que utilice.<\/p>\n<p>Recuerde que si no desea recibir cookies, ya no podremos garantizar que nuestro sitio web funcione como es debido. Puede que algunas funciones de el sitio se pierdan y es posible que ya no pueda ver ciertos sitios web. Adem\u00e1s, rechazar las cookies no significa que ya no vaya a ver anuncios publicitarios.<\/p>\n<p>Simplemente los anuncios no se ajustar\u00e1n a sus intereses y se repetir\u00e1n con mayor frecuencia.<\/p>\n<p>Cada navegador tiene un m\u00e9todo distinto para adaptar la configuraci\u00f3n. Si es necesario, consulte la funci\u00f3n de ayuda del navegador para establecer la configuraci\u00f3n correcta. Para desactivar las cookies en el tel\u00e9fono m\u00f3vil, consulte el manual del dispositivo para obtener m\u00e1s informaci\u00f3n. Puede obtener m\u00e1s informaci\u00f3n sobre las cookies en Internet, http:\/\/www.aboutcookies.org\/.<\/p>\n<p>Teniendo en cuenta la forma en la que funciona Internet y los sitios web, no siempre contamos con informaci\u00f3n de las cookies que colocan terceras partes a trav\u00e9s de nuestro sitio web. Esto se aplica especialmente a casos en los que nuestra p\u00e1gina web contiene lo que se denominan elementos integrados: textos, documentos, im\u00e1genes o breves pel\u00edculas que se almacenan en otra parte, pero se muestran en nuestro sitio web o mediante el mismo.<\/p>\n<p>Por tanto, en caso de que se encuentre con este tipo de cookies en este sitio web y no est\u00e9n enumeradas en la lista anterior, le rogamos que nos lo comunique. O bien p\u00f3ngase en contacto directamente con el tercero para pedirle informaci\u00f3n sobre las cookies que coloca, la finalidad y la duraci\u00f3n de la cookie, y c\u00f3mo ha garantizado su privacidad.<\/p>\n<h4><strong>INFORMACI\u00d3N RELACIONADA CON EL TRATAMIENTO DE DATOS PERSONALES (ART.13 RGPD)<\/strong><\/h4>\n<h5><strong>\u00bfQUI\u00c9N ES EL RESPONSABLE DEL TRATAMIENTO DE SUS DATOS PERSONALES?<\/strong><\/h5>\n<p><strong>ARTIOCADO FORESTAL, con domicilio en Pol\u00edgono Industrial Can Boixadera, Local F superior. Ctra. BV-5150, km 3; 08440 Cardedeu (Barcelona)  <\/strong>con los siguientes datos de contacto: <strong>608 252 043\/ info@artiocat.cat<\/strong><\/p>\n<p>Si no desea que los sitios web pongan ninguna cookie en su equipo, puede adaptar la configuraci\u00f3n del navegador de forma que se le notifique antes de que se coloque ninguna cookie. Del mismo modo, puede adaptar la configuraci\u00f3n de forma que el navegador rechace todas las cookies, o \u00fanicamente las cookies de terceros. Tambi\u00e9n puede eliminar cualquiera de las galletas que ya se encuentren en el equipo. Recuerde que deber\u00e1 adaptarse por separado la configuraci\u00f3n de cada navegador y equipo que utilice.<\/p>\n<p><strong>\u00bfPara qu\u00e9 utilizamos sus datos personales?<\/strong><\/p>\n<p>La informaci\u00f3n recopilada a trav\u00e9s de las cookies propias (cookies de sesi\u00f3n y de entrada de usuario) se suelen utilizar para rastrear las acciones del usuario al rellenar los formularios online en varias p\u00e1ginas, o como cesta de la compra para realizar el seguimiento de los art\u00edculos que el usuario ha seleccionado al pulsar un bot\u00f3n, o para personalizar la interfaz del usuario al visitar la p\u00e1gina web. La informaci\u00f3n recopilada a trav\u00e9s de las cookies de terceros es la siguiente:<\/p>\n<p>\u2013 A trav\u00e9s de las cookies anal\u00edticas se analizan sus h\u00e1bitos de navegaci\u00f3n para mejorar los servicios prestados;<\/p>\n<p>\u2013 A trav\u00e9s de las cookies comportamentales se recoge informaci\u00f3n sobre las preferencias del usuario para gestionar los espacios publicitarios de la forma m\u00e1s eficaz posible; y<\/p>\n<p>\u2013 a trav\u00e9s de las cookies publicitarias se mide el rendimiento de los anuncios y se proporcionan recomendaciones relativas a productos basados \u200b\u200ben datos estad\u00edsticos.<\/p>\n<p>Para ver exactamente el uso de las cookies vea el cuadro sobre el uso de las cookies en esta web.<\/p>\n<p><strong>\u00bfCu\u00e1l es la base legal para el tratamiento de sus datos personales?<\/strong><\/p>\n<p>La legitimaci\u00f3n para el tratamiento de sus datos personales viene dada por su consentimiento, otorgado en el momento de ponerse en contacto con nosotros, para la utilizaci\u00f3n de cookies anal\u00edticas, comportamentales y publicitarias; para las cookies de sesi\u00f3n o personalizaci\u00f3n, la legitimaci\u00f3n para el tratamiento viene dada por el inter\u00e9s leg\u00edtimo del prestamista (responsable del tratamiento).<\/p>\n<p><strong>\u00bfA qui\u00e9n comunicamos sus datos?<\/strong><\/p>\n<p>No se ceder\u00e1n ni comunicar datos a terceros, salvo por obligaci\u00f3n legal oa los terceros indicados en el caso de uso de cookies gestionadas por \u00e9stos.<\/p>\n<p><strong>\u00bfCu\u00e1l es el plazo de conservaci\u00f3n de sus datos?<\/strong><\/p>\n<p>El plazo de conservaci\u00f3n de los datos recogidos es el indicado en el cuadro sobre el uso de cookies en esta web.<\/p>\n<p><strong>\u00bfCu\u00e1les son sus derechos?<\/strong><\/p>\n<p>Los derechos que amparan al usuario son los de acceso, rectificaci\u00f3n, supresi\u00f3n, portabilidad de los mismos, retirada el consentimiento (sin que esto afecte a la licitud del tratamiento otorgado previamente a su retirada), oposici\u00f3n al tratamiento, limitaci\u00f3n (en determinadas circunstancias) ya presentar una reclamaci\u00f3n ante la autoridad de control (la Agencia Espa\u00f1ola de protecci\u00f3n de datos, www.aepd.es<\/p>\n<\/div><\/div><\/div><\/div><\/div>\n","protected":false},"excerpt":{"rendered":"","protected":false},"author":1,"featured_media":0,"parent":0,"menu_order":0,"comment_status":"closed","ping_status":"closed","template":"100-width.php","meta":{"footnotes":""},"class_list":["post-1907","page","type-page","status-publish","hentry"],"_links":{"self":[{"href":"https:\/\/www.artiocat.cat\/es\/wp-json\/wp\/v2\/pages\/1907","targetHints":{"allow":["GET"]}}],"collection":[{"href":"https:\/\/www.artiocat.cat\/es\/wp-json\/wp\/v2\/pages"}],"about":[{"href":"https:\/\/www.artiocat.cat\/es\/wp-json\/wp\/v2\/types\/page"}],"author":[{"embeddable":true,"href":"https:\/\/www.artiocat.cat\/es\/wp-json\/wp\/v2\/users\/1"}],"replies":[{"embeddable":true,"href":"https:\/\/www.artiocat.cat\/es\/wp-json\/wp\/v2\/comments?post=1907"}],"version-history":[{"count":1,"href":"https:\/\/www.artiocat.cat\/es\/wp-json\/wp\/v2\/pages\/1907\/revisions"}],"predecessor-version":[{"id":1913,"href":"https:\/\/www.artiocat.cat\/es\/wp-json\/wp\/v2\/pages\/1907\/revisions\/1913"}],"wp:attachment":[{"href":"https:\/\/www.artiocat.cat\/es\/wp-json\/wp\/v2\/media?parent=1907"}],"curies":[{"name":"wp","href":"https:\/\/api.w.org\/{rel}","templated":true}]}}