{"id":1922,"date":"2024-03-08T12:24:18","date_gmt":"2024-03-08T10:24:18","guid":{"rendered":"https:\/\/www.artiocat.cat\/aviso-legal\/"},"modified":"2024-05-15T12:31:15","modified_gmt":"2024-05-15T10:31:15","slug":"aviso-legal","status":"publish","type":"page","link":"https:\/\/www.artiocat.cat\/es\/aviso-legal\/","title":{"rendered":"Aviso legal"},"content":{"rendered":"<div class=\"fusion-fullwidth fullwidth-box fusion-builder-row-1 fusion-flex-container has-pattern-background has-mask-background nonhundred-percent-fullwidth non-hundred-percent-height-scrolling\" style=\"--awb-border-radius-top-left:0px;--awb-border-radius-top-right:0px;--awb-border-radius-bottom-right:0px;--awb-border-radius-bottom-left:0px;--awb-margin-top:100px;--awb-margin-bottom:100px;--awb-flex-wrap:wrap;\" ><div class=\"fusion-builder-row fusion-row fusion-flex-align-items-flex-start fusion-flex-content-wrap\" style=\"max-width:1248px;margin-left: calc(-4% \/ 2 );margin-right: calc(-4% \/ 2 );\"><div class=\"fusion-layout-column fusion_builder_column fusion-builder-column-0 fusion_builder_column_1_1 1_1 fusion-flex-column\" style=\"--awb-bg-size:cover;--awb-width-large:100%;--awb-margin-top-large:0px;--awb-spacing-right-large:1.92%;--awb-margin-bottom-large:0px;--awb-spacing-left-large:1.92%;--awb-width-medium:100%;--awb-spacing-right-medium:1.92%;--awb-spacing-left-medium:1.92%;--awb-width-small:100%;--awb-spacing-right-small:1.92%;--awb-spacing-left-small:1.92%;\"><div class=\"fusion-column-wrapper fusion-flex-justify-content-flex-start fusion-content-layout-column\"><div class=\"fusion-text fusion-text-1\"><h2><strong>AVISO LEGAL<\/strong><\/h2>\n<h4><strong>INFORMACI\u00d3N CORPORATIVA<\/strong><\/h4>\n<p>En virtud de las obligaciones establecidas por la Ley 34\/2002, de Servicios de la Sociedad de la Informaci\u00f3n y de Comercio Electr\u00f3nico, le informamos que esta p\u00e1gina web es propiedad de la marca  <strong>ARTIOCADO FORESTAL, con domicilio en Pol\u00edgono Industrial Can Boixadera, Local F superior. Ctra. BV-5150, km 3; 08440 Cardedeu (Barcelona)  <\/strong>con los siguientes datos de contacto: <strong>608 252 043\/ info@artiocat.cat<\/strong><\/p>\n<h4><strong>PROTECCI\u00d3N DE CONTENIDOS<\/strong><\/h4>\n<p>El usuario reconoce y acepta que todos los derechos de propiedad industrial e intelectual sobre los contenidos y\/o cualquier otro elemento insertado por <strong>ARTIOCAT FORESTAL<\/strong>  en esta p\u00e1gina Web (incluyendo, a t\u00edtulo meramente enunciativo y no limitativo, todos aquellos elementos que conforman la apariencia visual, imagen gr\u00e1fica y otros est\u00edmulos sensoriales del sitio web o look and feel: marcas, logotipos, nombres comerciales, textos, im\u00e1genes, gr\u00e1ficos, dise\u00f1os, sonidos, bases de datos, software, diagramas de flujo, presentaci\u00f3n, arquitectura de navegaci\u00f3n, as\u00ed como los c\u00f3digos fuente de las p\u00e1ginas web) pertenecen a  <strong>ARTIOCADO FORESTAL<\/strong> y\/oa terceros a los que les han sido cedidos sus derechos.<\/p>\n<p>En ning\u00fan caso, el acceso al Sitio Web implica alg\u00fan tipo de permiso, renuncia, transmisi\u00f3n, licencia o cesi\u00f3n total ni parcial de estos derechos por parte de sus titulares, salvo que expresamente se establezca lo contrario. Estos t\u00e9rminos y condiciones de uso del Sitio Web no confieren a los usuarios ning\u00fan otro derecho de utilizaci\u00f3n, alteraci\u00f3n, explotaci\u00f3n, reproducci\u00f3n, distribuci\u00f3n o comunicaci\u00f3n p\u00fablica del Sitio Web y\/o de sus contenidos distinto a los aqu\u00ed expresamente previstos.<\/p>\n<p>Queda totalmente prohibida la utilizaci\u00f3n de estos elementos, su total o parcial reproducci\u00f3n, comunicaci\u00f3n y\/o distribuci\u00f3n con fines comerciales o lucrativos, as\u00ed como su modificaci\u00f3n, alteraci\u00f3n, descompilaci\u00f3n y\/o cualquier otro acto de explotaci\u00f3n del Sitio Web.<\/p>\n<p>Sin perjuicio de todo lo mencionado anteriormente, si el usuario o un tercero estima que alg\u00fan contenido del Sitio Web puede vulnerar los derechos de propiedad intelectual e industrial, rogamos nos lo haga saber lo antes posible.<\/p>\n<h4><strong>ACCESO Y USO DEL SITIO WEB<\/strong><\/h4>\n<p>Tanto el acceso al Sitio Web como el uso no consentido que pueda hacerse de la informaci\u00f3n contenida en la p\u00e1gina es exclusivamente responsabilidad de quien lo realiza.<\/p>\n<p>El usuario se compromete a utilizar los contenidos, informaci\u00f3n y datos del Sitio Web de conformidad con las condiciones, t\u00e9rminos y pol\u00edticas vigentes, con la normativa de aplicaci\u00f3n y con las buenas costumbres generalmente aceptadas y el orden p\u00fablico.<\/p>\n<p>El usuario se abstendr\u00e1 de utilizar los contenidos del Sitio Web con fines o efectos il\u00edcitos, prohibidos o contrarios a los aqu\u00ed establecidos, lesivos de los derechos e intereses de<strong>ARTIOCADO FORESTAL,<\/strong>  del resto de usuarios, de terceros o que de cualquier forma puedan da\u00f1ar, inutilizar, sobrecargar o deteriorar este Sitio Web o impedir la normal utilizaci\u00f3n o el disfrute de los mismos por parte de los usuarios.<\/p>\n<p><strong>ARTIOCADO FORESTAL<\/strong>  no responder\u00e1 de ninguna consecuencia, da\u00f1o o perjuicio que pudiera derivarse de ese acceso o uso o del incumplimiento de las presentes condiciones, t\u00e9rminos y pol\u00edticas ni se har\u00e1 responsable de los errores de seguridad que se puedan producir ni de los desperfectos que se puedan causar al sistema inform\u00e1tico del usuario (hardware y software) oa los ficheros o documentos almacenados en \u00e9ste como consecuencia de: (i) la presencia de un virus en el ordenador del usuario que sea utilizado por la conexi\u00f3n a los servicios y\/o productos ofrecidos por  <strong>ARTIOCADO FORESTAL<\/strong> a trav\u00e9s de su Sitio Web; (ii) un mal funcionamiento del navegador; (iii) el uso de versiones no actualizadas del sistema.<\/p>\n<h4><strong>ENLACES A TERCEROS<\/strong><\/h4>\n<p>En este sitio web se pueden utilizar enlaces a otras p\u00e1ginas web.  <strong>ARTIOCADO FORESTAL<\/strong> no se responsabiliza ni del contenido ni de las medidas de seguridad adoptadas por cualquier otra p\u00e1gina web a la que se tiene acceso desde este Sitio Web, p\u00e1ginas a las que el interesado accede bajo su \u00fanica responsabilidad.<\/p>\n<p>De la misma forma, tampoco se garantiza la ausencia de virus u otros elementos en los contenidos enlazados desde el Sitio Web de<strong>ARTIOCADO FORESTAL<\/strong>  que puedan producir alteraciones en el sistema inform\u00e1tico (hardware y software) y\/o en los documentos o archivos del usuario, eximiendo igualmente a  <strong>ARTIOCADO FORESTAL<\/strong>  de toda responsabilidad derivada de los da\u00f1os de cualquier tipo ocasionados por todo lo anteriormente descrito.<\/p>\n<h4><strong>REDES SOCIALES<\/strong><\/h4>\n<p>Le informamos que <strong>ARTIOCAT FORESTAL<\/strong> puede estar presente en las redes sociales. El tratamiento de los datos que se lleve a cabo de las personas que se hagan seguidoras en las redes sociales (y\/o realicen cualquier v\u00ednculo o acci\u00f3n de conexi\u00f3n a trav\u00e9s de las redes sociales) de las p\u00e1ginas oficiales de<strong>ARTIOCADO FORESTAL<\/strong>  se regir\u00e1 por este apartado, as\u00ed como por aquellas condiciones de uso, pol\u00edticas de privacidad y normativas de acceso que pertenezcan a la red social que proceda en cada caso y aceptadas previamente por el usuario.<\/p>\n<p><strong>ARTIOCAT FORESTAL<\/strong> tratar\u00e1 sus datos con el fin de administrar correctamente su presencia en la red social, inform\u00e1ndole de actividades, productos o servicios de <strong>ARTIOCAT FORESTAL<\/strong> , as\u00ed como con cualquier otra finalidad que las normativas de las Redes Sociales permitan .<\/p>\n<p>Queda prohibida la publicaci\u00f3n de contenidos:<\/p>\n<p>\u2013 Que sean presuntamente il\u00edcitos por la normativa nacional, comunitaria o internacional o que realicen actividades presuntamente il\u00edcitas o contravengan los principios de la buena fe.<\/p>\n<p>\u2013 Que atenten contra los derechos fundamentales de las personas, falten a la cortes\u00eda en la red, molesten o puedan generar opiniones negativas a nuestros usuarios o terceros y en general cualquier contenido que <strong>ARTIOCAT FORESTAL<\/strong> considere no apropiados.<\/p>\n<p>&#8211; Y en general que contravengan los principios de legalidad, honorabilidad, responsabilidad, protecci\u00f3n de la dignidad humana, protecci\u00f3n de menores, protecci\u00f3n del orden p\u00fablico, la protecci\u00f3n de la vida privada, protecci\u00f3n del consumidor y los derechos de propiedad intelectual e industrial .<\/p>\n<p>Asimismo, <strong>ARTIOCAT FORESTAL<\/strong> se reserva la potestad de retirar, sin previo aviso de la p\u00e1gina web o de la red social corporativa aquellos contenidos que se consideren no apropiados.<\/p>\n<\/div><\/div><\/div><\/div><\/div>\n","protected":false},"excerpt":{"rendered":"","protected":false},"author":1,"featured_media":0,"parent":0,"menu_order":0,"comment_status":"closed","ping_status":"closed","template":"100-width.php","meta":{"footnotes":""},"class_list":["post-1922","page","type-page","status-publish","hentry"],"_links":{"self":[{"href":"https:\/\/www.artiocat.cat\/es\/wp-json\/wp\/v2\/pages\/1922","targetHints":{"allow":["GET"]}}],"collection":[{"href":"https:\/\/www.artiocat.cat\/es\/wp-json\/wp\/v2\/pages"}],"about":[{"href":"https:\/\/www.artiocat.cat\/es\/wp-json\/wp\/v2\/types\/page"}],"author":[{"embeddable":true,"href":"https:\/\/www.artiocat.cat\/es\/wp-json\/wp\/v2\/users\/1"}],"replies":[{"embeddable":true,"href":"https:\/\/www.artiocat.cat\/es\/wp-json\/wp\/v2\/comments?post=1922"}],"version-history":[{"count":1,"href":"https:\/\/www.artiocat.cat\/es\/wp-json\/wp\/v2\/pages\/1922\/revisions"}],"predecessor-version":[{"id":1927,"href":"https:\/\/www.artiocat.cat\/es\/wp-json\/wp\/v2\/pages\/1922\/revisions\/1927"}],"wp:attachment":[{"href":"https:\/\/www.artiocat.cat\/es\/wp-json\/wp\/v2\/media?parent=1922"}],"curies":[{"name":"wp","href":"https:\/\/api.w.org\/{rel}","templated":true}]}}